{"id":4087,"date":"2020-05-06T17:33:14","date_gmt":"2020-05-06T15:33:14","guid":{"rendered":"https:\/\/reus.manyanet.org\/cros\/?page_id=4087"},"modified":"2025-08-15T12:36:48","modified_gmt":"2025-08-15T10:36:48","slug":"lorigen-del-cros","status":"publish","type":"page","link":"https:\/\/reus.manyanet.org\/cros\/lorigen-del-cros\/","title":{"rendered":"L&#8217;origen del Cros"},"content":{"rendered":"\r\n<p>El Cros Pare Manyanet va n\u00e9ixer l&#8217;any 1989 de la m\u00e0 del <a href=\"https:\/\/reus.manyanet.org\/cros\/el-pare-roig\/\">pare Joaquim Roig<\/a>, sacerdot dels Fills de\u00a0la Sagrada\u00a0Fam\u00edlia\u00a0i dinamitzador de tot l&#8217;esport de l&#8217;escola Mare de D\u00e9u del Roser \/ Sagrada Fam\u00edlia (SAFA), com abans s&#8217;anomenava l&#8217;avui\u00a0col\u00b7legi Pare Manyanet. El pare Roig era una persona engrescadora que estimava tots els esports i es va caracteritzar per ampliar a l&#8217;escola i de retruc a la ciutat de Reus, altres activitats esportives diferents al cl\u00e0ssic futbol i b\u00e0squet.<\/p>\r\n\r\n\r\n\r\n<figure class=\"wp-block-image size-large\"><img loading=\"lazy\" decoding=\"async\" width=\"600\" height=\"419\" class=\"wp-image-4088\" src=\"https:\/\/reus.manyanet.org\/cros\/wp-content\/uploads\/2020\/05\/Antiga-escola-Sagrada-Familia-SAFA-de-Reus.jpg\" alt=\"\" srcset=\"https:\/\/reus.manyanet.org\/cros\/wp-content\/uploads\/2020\/05\/Antiga-escola-Sagrada-Familia-SAFA-de-Reus.jpg 600w, https:\/\/reus.manyanet.org\/cros\/wp-content\/uploads\/2020\/05\/Antiga-escola-Sagrada-Familia-SAFA-de-Reus-300x210.jpg 300w\" sizes=\"auto, (max-width: 600px) 100vw, 600px\" \/>\r\n<figcaption>Antiga escola Sagrada Fam\u00edlia (SAFA) de Reus. Actualment \u00e9s l&#8217;IES Gabriel Ferrater<\/figcaption>\r\n<\/figure>\r\n\r\n\r\n\r\n<p>La idea doncs de l&#8217;inici d&#8217;aquesta prova va ser per homenatjar l&#8217;ex-alumne i despr\u00e9s atleta\u00a0<a href=\"https:\/\/es.wikipedia.org\/wiki\/Cayetano_Cornet_Pamies\" target=\"_blank\" rel=\"noreferrer noopener\">Gaiet\u00e0 Cornet<\/a>, que aquell any 1989 era convocat per participar en un campionat d&#8217;Europa.<\/p>\r\n\r\n\r\n\r\n<p>L&#8217;escola Pare Manyanet sempre s&#8217;ha caracteritzat per tenir col\u00b7laboraci\u00f3 total i desinteressada del professorat, personal de servei i pares d&#8217;alumnes; i\u00a0 aix\u00ed va ser com es va iniciar aquesta cursa que avui ja ha superat les tres d\u00e8cades: A la iniciativa del Pare Roig, s&#8217;hi van afegir les diferents \u00e0rees d&#8217;esport de l&#8217;escola: secci\u00f3 excursionista, que aglutinava una seixantena de persones, secci\u00f3 de futbol i de b\u00e0squet, el professorat i persones que tot i no formar part de cap secci\u00f3 espec\u00edfica gaudien de la seva confian\u00e7a.<\/p>\r\n\r\n\r\n\r\n<p>En motiu del Centenari de l&#8217;escola, el 7\u00e8 Cros es va comen\u00e7ar a denominar Pare Manyanet, nom de l&#8217;escola en la nova ubicaci\u00f3.<\/p>\r\n\r\n\r\n\r\n<p>L&#8217;any 1995 va morir el fundador i a partir del 8\u00e8 Cros, es va dedicar a ell, \u201cCros Pare Manyanet, memorial pare Roig\u201d.<\/p>\r\n\r\n\r\n\r\n<p>L&#8217;any 2006 es va complir la majoria d&#8217;edat, i en aquest 18\u00e8 cros, a m\u00e9s de la cursa es va presentar al vest\u00edbul de l&#8217;escola una exposici\u00f3 de la hist\u00f2ria d&#8217;aquesta competici\u00f3: cartells, samarretes, premis, filmacions&#8230; i moltes fotografies.<\/p>\r\n\r\n\r\n\r\n<p>Tot i que el primer nom del cros va ser el del Gaiet\u00e0 Cornet, altres ex-alumnes i esportistes de la nostra escola que han destacat a nivell nacional i internacional, en altres especialitats esportives, han tingut el seu reconeixement en les corresponents edicions de la cursa.<\/p>\r\n\r\n\r\n\r\n<p>Actualment, a la comissi\u00f3 organitzadora, assisteixen una vintena de col\u00b7laboradors, que amb la mateixa il\u00b7lusi\u00f3 del primer cros, s&#8217;esforcen per que aquesta cursa sigui un referent.<\/p>\r\n","protected":false},"excerpt":{"rendered":"<p>El Cros Pare Manyanet va n\u00e9ixer l&#8217;any 1989 de la m\u00e0 del pare Joaquim Roig, sacerdot dels Fills de\u00a0la Sagrada\u00a0Fam\u00edlia\u00a0i dinamitzador de tot l&#8217;esport de l&#8217;escola Mare de D\u00e9u del Roser \/ Sagrada Fam\u00edlia (SAFA), com abans s&#8217;anomenava l&#8217;avui\u00a0col\u00b7legi Pare Manyanet. El pare Roig era una persona engrescadora que estimava tots els esports i es [&hellip;]<\/p>\n","protected":false},"author":1,"featured_media":0,"parent":0,"menu_order":3,"comment_status":"closed","ping_status":"closed","template":"","meta":{"footnotes":""},"class_list":["post-4087","page","type-page","status-publish","hentry"],"yoast_head":"<!-- This site is optimized with the Yoast SEO plugin v27.3 - https:\/\/yoast.com\/product\/yoast-seo-wordpress\/ -->\n<title>L&#039;origen del Cros - Cros Pare Manyanet Reus<\/title>\n<meta name=\"robots\" content=\"index, follow, max-snippet:-1, max-image-preview:large, max-video-preview:-1\" \/>\n<link rel=\"canonical\" href=\"https:\/\/reus.manyanet.org\/cros\/lorigen-del-cros\/\" \/>\n<meta property=\"og:locale\" content=\"ca_ES\" \/>\n<meta property=\"og:type\" content=\"article\" \/>\n<meta property=\"og:title\" content=\"L&#039;origen del Cros - Cros Pare Manyanet Reus\" \/>\n<meta property=\"og:description\" content=\"El Cros Pare Manyanet va n\u00e9ixer l&#8217;any 1989 de la m\u00e0 del pare Joaquim Roig, sacerdot dels Fills de\u00a0la Sagrada\u00a0Fam\u00edlia\u00a0i dinamitzador de tot l&#8217;esport de l&#8217;escola Mare de D\u00e9u del Roser \/ Sagrada Fam\u00edlia (SAFA), com abans s&#8217;anomenava l&#8217;avui\u00a0col\u00b7legi Pare Manyanet. El pare Roig era una persona engrescadora que estimava tots els esports i es [&hellip;]\" \/>\n<meta property=\"og:url\" content=\"https:\/\/reus.manyanet.org\/cros\/lorigen-del-cros\/\" \/>\n<meta property=\"og:site_name\" content=\"Cros Pare Manyanet Reus\" \/>\n<meta property=\"article:publisher\" content=\"https:\/\/www.facebook.com\/PareManyanetReus\" \/>\n<meta property=\"article:modified_time\" content=\"2025-08-15T10:36:48+00:00\" \/>\n<meta property=\"og:image\" content=\"https:\/\/reus.manyanet.org\/cros\/wp-content\/uploads\/2020\/05\/Antiga-escola-Sagrada-Familia-SAFA-de-Reus.jpg\" \/>\n\t<meta property=\"og:image:width\" content=\"600\" \/>\n\t<meta property=\"og:image:height\" content=\"419\" \/>\n\t<meta property=\"og:image:type\" content=\"image\/jpeg\" \/>\n<meta name=\"twitter:card\" content=\"summary_large_image\" \/>\n<meta name=\"twitter:site\" content=\"@Manyanet_Reus\" \/>\n<meta name=\"twitter:label1\" content=\"Temps estimat de lectura\" \/>\n\t<meta name=\"twitter:data1\" content=\"3 minuts\" \/>\n<script type=\"application\/ld+json\" class=\"yoast-schema-graph\">{\"@context\":\"https:\\\/\\\/schema.org\",\"@graph\":[{\"@type\":\"WebPage\",\"@id\":\"https:\\\/\\\/reus.manyanet.org\\\/cros\\\/lorigen-del-cros\\\/\",\"url\":\"https:\\\/\\\/reus.manyanet.org\\\/cros\\\/lorigen-del-cros\\\/\",\"name\":\"L'origen del Cros - Cros Pare Manyanet Reus\",\"isPartOf\":{\"@id\":\"https:\\\/\\\/reus.manyanet.org\\\/cros\\\/#website\"},\"primaryImageOfPage\":{\"@id\":\"https:\\\/\\\/reus.manyanet.org\\\/cros\\\/lorigen-del-cros\\\/#primaryimage\"},\"image\":{\"@id\":\"https:\\\/\\\/reus.manyanet.org\\\/cros\\\/lorigen-del-cros\\\/#primaryimage\"},\"thumbnailUrl\":\"https:\\\/\\\/reus.manyanet.org\\\/cros\\\/wp-content\\\/uploads\\\/2020\\\/05\\\/Antiga-escola-Sagrada-Familia-SAFA-de-Reus.jpg\",\"datePublished\":\"2020-05-06T15:33:14+00:00\",\"dateModified\":\"2025-08-15T10:36:48+00:00\",\"breadcrumb\":{\"@id\":\"https:\\\/\\\/reus.manyanet.org\\\/cros\\\/lorigen-del-cros\\\/#breadcrumb\"},\"inLanguage\":\"ca\",\"potentialAction\":[{\"@type\":\"ReadAction\",\"target\":[\"https:\\\/\\\/reus.manyanet.org\\\/cros\\\/lorigen-del-cros\\\/\"]}]},{\"@type\":\"ImageObject\",\"inLanguage\":\"ca\",\"@id\":\"https:\\\/\\\/reus.manyanet.org\\\/cros\\\/lorigen-del-cros\\\/#primaryimage\",\"url\":\"https:\\\/\\\/reus.manyanet.org\\\/cros\\\/wp-content\\\/uploads\\\/2020\\\/05\\\/Antiga-escola-Sagrada-Familia-SAFA-de-Reus.jpg\",\"contentUrl\":\"https:\\\/\\\/reus.manyanet.org\\\/cros\\\/wp-content\\\/uploads\\\/2020\\\/05\\\/Antiga-escola-Sagrada-Familia-SAFA-de-Reus.jpg\",\"width\":600,\"height\":419},{\"@type\":\"BreadcrumbList\",\"@id\":\"https:\\\/\\\/reus.manyanet.org\\\/cros\\\/lorigen-del-cros\\\/#breadcrumb\",\"itemListElement\":[{\"@type\":\"ListItem\",\"position\":1,\"name\":\"Inici\",\"item\":\"https:\\\/\\\/reus.manyanet.org\\\/cros\\\/\"},{\"@type\":\"ListItem\",\"position\":2,\"name\":\"L&#8217;origen del Cros\"}]},{\"@type\":\"WebSite\",\"@id\":\"https:\\\/\\\/reus.manyanet.org\\\/cros\\\/#website\",\"url\":\"https:\\\/\\\/reus.manyanet.org\\\/cros\\\/\",\"name\":\"Cros Pare Manyanet Reus\",\"description\":\"\",\"publisher\":{\"@id\":\"https:\\\/\\\/reus.manyanet.org\\\/cros\\\/#organization\"},\"potentialAction\":[{\"@type\":\"SearchAction\",\"target\":{\"@type\":\"EntryPoint\",\"urlTemplate\":\"https:\\\/\\\/reus.manyanet.org\\\/cros\\\/?s={search_term_string}\"},\"query-input\":{\"@type\":\"PropertyValueSpecification\",\"valueRequired\":true,\"valueName\":\"search_term_string\"}}],\"inLanguage\":\"ca\"},{\"@type\":\"Organization\",\"@id\":\"https:\\\/\\\/reus.manyanet.org\\\/cros\\\/#organization\",\"name\":\"Cros Pare Manyanet Reus\",\"url\":\"https:\\\/\\\/reus.manyanet.org\\\/cros\\\/\",\"logo\":{\"@type\":\"ImageObject\",\"inLanguage\":\"ca\",\"@id\":\"https:\\\/\\\/reus.manyanet.org\\\/cros\\\/#\\\/schema\\\/logo\\\/image\\\/\",\"url\":\"https:\\\/\\\/reus.manyanet.org\\\/cros\\\/wp-content\\\/uploads\\\/2020\\\/05\\\/logo-512.png\",\"contentUrl\":\"https:\\\/\\\/reus.manyanet.org\\\/cros\\\/wp-content\\\/uploads\\\/2020\\\/05\\\/logo-512.png\",\"width\":512,\"height\":512,\"caption\":\"Cros Pare Manyanet Reus\"},\"image\":{\"@id\":\"https:\\\/\\\/reus.manyanet.org\\\/cros\\\/#\\\/schema\\\/logo\\\/image\\\/\"},\"sameAs\":[\"https:\\\/\\\/www.facebook.com\\\/PareManyanetReus\",\"https:\\\/\\\/x.com\\\/Manyanet_Reus\",\"https:\\\/\\\/www.instagram.com\\\/manyanetreus\\\/\",\"https:\\\/\\\/www.youtube.com\\\/c\\\/PareManyanetReus1\"]}]}<\/script>\n<!-- \/ Yoast SEO plugin. -->","yoast_head_json":{"title":"L'origen del Cros - Cros Pare Manyanet Reus","robots":{"index":"index","follow":"follow","max-snippet":"max-snippet:-1","max-image-preview":"max-image-preview:large","max-video-preview":"max-video-preview:-1"},"canonical":"https:\/\/reus.manyanet.org\/cros\/lorigen-del-cros\/","og_locale":"ca_ES","og_type":"article","og_title":"L'origen del Cros - Cros Pare Manyanet Reus","og_description":"El Cros Pare Manyanet va n\u00e9ixer l&#8217;any 1989 de la m\u00e0 del pare Joaquim Roig, sacerdot dels Fills de\u00a0la Sagrada\u00a0Fam\u00edlia\u00a0i dinamitzador de tot l&#8217;esport de l&#8217;escola Mare de D\u00e9u del Roser \/ Sagrada Fam\u00edlia (SAFA), com abans s&#8217;anomenava l&#8217;avui\u00a0col\u00b7legi Pare Manyanet. El pare Roig era una persona engrescadora que estimava tots els esports i es [&hellip;]","og_url":"https:\/\/reus.manyanet.org\/cros\/lorigen-del-cros\/","og_site_name":"Cros Pare Manyanet Reus","article_publisher":"https:\/\/www.facebook.com\/PareManyanetReus","article_modified_time":"2025-08-15T10:36:48+00:00","og_image":[{"width":600,"height":419,"url":"https:\/\/reus.manyanet.org\/cros\/wp-content\/uploads\/2020\/05\/Antiga-escola-Sagrada-Familia-SAFA-de-Reus.jpg","type":"image\/jpeg"}],"twitter_card":"summary_large_image","twitter_site":"@Manyanet_Reus","twitter_misc":{"Temps estimat de lectura":"3 minuts"},"schema":{"@context":"https:\/\/schema.org","@graph":[{"@type":"WebPage","@id":"https:\/\/reus.manyanet.org\/cros\/lorigen-del-cros\/","url":"https:\/\/reus.manyanet.org\/cros\/lorigen-del-cros\/","name":"L'origen del Cros - Cros Pare Manyanet Reus","isPartOf":{"@id":"https:\/\/reus.manyanet.org\/cros\/#website"},"primaryImageOfPage":{"@id":"https:\/\/reus.manyanet.org\/cros\/lorigen-del-cros\/#primaryimage"},"image":{"@id":"https:\/\/reus.manyanet.org\/cros\/lorigen-del-cros\/#primaryimage"},"thumbnailUrl":"https:\/\/reus.manyanet.org\/cros\/wp-content\/uploads\/2020\/05\/Antiga-escola-Sagrada-Familia-SAFA-de-Reus.jpg","datePublished":"2020-05-06T15:33:14+00:00","dateModified":"2025-08-15T10:36:48+00:00","breadcrumb":{"@id":"https:\/\/reus.manyanet.org\/cros\/lorigen-del-cros\/#breadcrumb"},"inLanguage":"ca","potentialAction":[{"@type":"ReadAction","target":["https:\/\/reus.manyanet.org\/cros\/lorigen-del-cros\/"]}]},{"@type":"ImageObject","inLanguage":"ca","@id":"https:\/\/reus.manyanet.org\/cros\/lorigen-del-cros\/#primaryimage","url":"https:\/\/reus.manyanet.org\/cros\/wp-content\/uploads\/2020\/05\/Antiga-escola-Sagrada-Familia-SAFA-de-Reus.jpg","contentUrl":"https:\/\/reus.manyanet.org\/cros\/wp-content\/uploads\/2020\/05\/Antiga-escola-Sagrada-Familia-SAFA-de-Reus.jpg","width":600,"height":419},{"@type":"BreadcrumbList","@id":"https:\/\/reus.manyanet.org\/cros\/lorigen-del-cros\/#breadcrumb","itemListElement":[{"@type":"ListItem","position":1,"name":"Inici","item":"https:\/\/reus.manyanet.org\/cros\/"},{"@type":"ListItem","position":2,"name":"L&#8217;origen del Cros"}]},{"@type":"WebSite","@id":"https:\/\/reus.manyanet.org\/cros\/#website","url":"https:\/\/reus.manyanet.org\/cros\/","name":"Cros Pare Manyanet Reus","description":"","publisher":{"@id":"https:\/\/reus.manyanet.org\/cros\/#organization"},"potentialAction":[{"@type":"SearchAction","target":{"@type":"EntryPoint","urlTemplate":"https:\/\/reus.manyanet.org\/cros\/?s={search_term_string}"},"query-input":{"@type":"PropertyValueSpecification","valueRequired":true,"valueName":"search_term_string"}}],"inLanguage":"ca"},{"@type":"Organization","@id":"https:\/\/reus.manyanet.org\/cros\/#organization","name":"Cros Pare Manyanet Reus","url":"https:\/\/reus.manyanet.org\/cros\/","logo":{"@type":"ImageObject","inLanguage":"ca","@id":"https:\/\/reus.manyanet.org\/cros\/#\/schema\/logo\/image\/","url":"https:\/\/reus.manyanet.org\/cros\/wp-content\/uploads\/2020\/05\/logo-512.png","contentUrl":"https:\/\/reus.manyanet.org\/cros\/wp-content\/uploads\/2020\/05\/logo-512.png","width":512,"height":512,"caption":"Cros Pare Manyanet Reus"},"image":{"@id":"https:\/\/reus.manyanet.org\/cros\/#\/schema\/logo\/image\/"},"sameAs":["https:\/\/www.facebook.com\/PareManyanetReus","https:\/\/x.com\/Manyanet_Reus","https:\/\/www.instagram.com\/manyanetreus\/","https:\/\/www.youtube.com\/c\/PareManyanetReus1"]}]}},"_links":{"self":[{"href":"https:\/\/reus.manyanet.org\/cros\/wp-json\/wp\/v2\/pages\/4087","targetHints":{"allow":["GET"]}}],"collection":[{"href":"https:\/\/reus.manyanet.org\/cros\/wp-json\/wp\/v2\/pages"}],"about":[{"href":"https:\/\/reus.manyanet.org\/cros\/wp-json\/wp\/v2\/types\/page"}],"author":[{"embeddable":true,"href":"https:\/\/reus.manyanet.org\/cros\/wp-json\/wp\/v2\/users\/1"}],"replies":[{"embeddable":true,"href":"https:\/\/reus.manyanet.org\/cros\/wp-json\/wp\/v2\/comments?post=4087"}],"version-history":[{"count":6,"href":"https:\/\/reus.manyanet.org\/cros\/wp-json\/wp\/v2\/pages\/4087\/revisions"}],"predecessor-version":[{"id":5261,"href":"https:\/\/reus.manyanet.org\/cros\/wp-json\/wp\/v2\/pages\/4087\/revisions\/5261"}],"wp:attachment":[{"href":"https:\/\/reus.manyanet.org\/cros\/wp-json\/wp\/v2\/media?parent=4087"}],"curies":[{"name":"wp","href":"https:\/\/api.w.org\/{rel}","templated":true}]}}